{"id":283,"date":"2020-06-12T20:42:32","date_gmt":"2020-06-13T01:42:32","guid":{"rendered":"https:\/\/www.adfox.com.mx\/blog\/?page_id=283"},"modified":"2021-06-10T00:47:17","modified_gmt":"2021-06-10T05:47:17","slug":"blog","status":"publish","type":"page","link":"https:\/\/adfox.com.mx\/blog\/","title":{"rendered":"Blog"},"content":{"rendered":"\n[et_pb_section fb_built=\u00bb1&#8243; _builder_version=\u00bb4.4.8&#8243;][et_pb_row _builder_version=\u00bb4.4.8&#8243; column_structure=\u00bb1_2,1_2&#8243;][et_pb_column _builder_version=\u00bb4.4.8&#8243; type=\u00bb1_2&#8243;][et_pb_text _builder_version=\u00bb4.4.8&#8243; hover_enabled=\u00bb0&#8243; text_orientation=\u00bbcenter\u00bb]<h2>\u00daltimo Art\u00edculo<\/h2>\n[\/et_pb_text][et_pb_post_slider _builder_version=\u00bb4.4.8&#8243; hover_enabled=\u00bb0&#8243; show_image=\u00bboff\u00bb use_bg_overlay=\u00bboff\u00bb posts_number=\u00bb1&#8243; show_arrows=\u00bboff\u00bb show_pagination=\u00bboff\u00bb show_meta=\u00bboff\u00bb][\/et_pb_post_slider][\/et_pb_column][et_pb_column _builder_version=\u00bb4.4.8&#8243; type=\u00bb1_2&#8243;][et_pb_text _builder_version=\u00bb4.4.8&#8243; hover_enabled=\u00bb0&#8243; text_orientation=\u00bbcenter\u00bb]<h2>Destacado<\/h2>\n[\/et_pb_text][et_pb_post_slider _builder_version=\u00bb4.4.8&#8243; hover_enabled=\u00bb0&#8243; show_image=\u00bboff\u00bb use_bg_overlay=\u00bboff\u00bb posts_number=\u00bb1&#8243; show_arrows=\u00bboff\u00bb show_pagination=\u00bboff\u00bb show_meta=\u00bboff\u00bb][\/et_pb_post_slider][\/et_pb_column][\/et_pb_row][et_pb_row _builder_version=\u00bb4.4.8&#8243;][et_pb_column _builder_version=\u00bb4.4.8&#8243; type=\u00bb4_4&#8243;][et_pb_text _builder_version=\u00bb4.4.8&#8243; hover_enabled=\u00bb0&#8243; text_orientation=\u00bbcenter\u00bb]<h2>Todos Los Art\u00edculos<\/h2>\n[\/et_pb_text][et_pb_blog _builder_version=\u00bb4.4.8&#8243; show_date=\u00bboff\u00bb posts_number=\u00bb5&#8243; show_more=\u00bbon\u00bb hover_enabled=\u00bb0&#8243;][\/et_pb_blog][\/et_pb_column][\/et_pb_row][\/et_pb_section]\n","protected":false},"excerpt":{"rendered":"<p>\u00daltimo Art\u00edculo Destacado Todos Los Art\u00edculos<\/p>\n","protected":false},"author":1,"featured_media":0,"parent":0,"menu_order":0,"comment_status":"closed","ping_status":"closed","template":"","meta":{"_et_pb_use_builder":"on","_et_pb_old_content":"","_et_gb_content_width":""},"yoast_head":"<!-- This site is optimized with the Yoast SEO plugin v19.13 - https:\/\/yoast.com\/wordpress\/plugins\/seo\/ -->\n<title>Blog - Blog de adfox marketing digital<\/title>\n<meta name=\"robots\" content=\"index, follow, max-snippet:-1, max-image-preview:large, max-video-preview:-1\" \/>\n<link rel=\"canonical\" href=\"https:\/\/adfox.com.mx\/blog\/\" \/>\n<meta property=\"og:locale\" content=\"es_ES\" \/>\n<meta property=\"og:type\" content=\"article\" \/>\n<meta property=\"og:title\" content=\"Blog - Blog de adfox marketing digital\" \/>\n<meta property=\"og:description\" content=\"\u00daltimo Art\u00edculo Destacado Todos Los Art\u00edculos\" \/>\n<meta property=\"og:url\" content=\"https:\/\/adfox.com.mx\/blog\/\" \/>\n<meta property=\"og:site_name\" content=\"Blog de adfox marketing digital\" \/>\n<meta property=\"article:modified_time\" content=\"2021-06-10T05:47:17+00:00\" \/>\n<meta name=\"twitter:card\" content=\"summary_large_image\" \/>\n<meta name=\"twitter:label1\" content=\"Tiempo de lectura\" \/>\n\t<meta name=\"twitter:data1\" content=\"1 minuto\" \/>\n<script type=\"application\/ld+json\" class=\"yoast-schema-graph\">{\"@context\":\"https:\/\/schema.org\",\"@graph\":[{\"@type\":\"WebPage\",\"@id\":\"https:\/\/adfox.com.mx\/blog\/\",\"url\":\"https:\/\/adfox.com.mx\/blog\/\",\"name\":\"Blog - Blog de adfox marketing digital\",\"isPartOf\":{\"@id\":\"https:\/\/adfox.com.mx\/blog\/#website\"},\"datePublished\":\"2020-06-13T01:42:32+00:00\",\"dateModified\":\"2021-06-10T05:47:17+00:00\",\"breadcrumb\":{\"@id\":\"https:\/\/adfox.com.mx\/blog\/#breadcrumb\"},\"inLanguage\":\"es\",\"potentialAction\":[{\"@type\":\"ReadAction\",\"target\":[\"https:\/\/adfox.com.mx\/blog\/\"]}]},{\"@type\":\"BreadcrumbList\",\"@id\":\"https:\/\/adfox.com.mx\/blog\/#breadcrumb\",\"itemListElement\":[{\"@type\":\"ListItem\",\"position\":1,\"name\":\"Portada\",\"item\":\"https:\/\/adfox.com.mx\/blog\/\"},{\"@type\":\"ListItem\",\"position\":2,\"name\":\"Blog\"}]},{\"@type\":\"WebSite\",\"@id\":\"https:\/\/adfox.com.mx\/blog\/#website\",\"url\":\"https:\/\/adfox.com.mx\/blog\/\",\"name\":\"Blog de adfox marketing digital\",\"description\":\"Blog de adfox marketing digital\",\"potentialAction\":[{\"@type\":\"SearchAction\",\"target\":{\"@type\":\"EntryPoint\",\"urlTemplate\":\"https:\/\/adfox.com.mx\/blog\/?s={search_term_string}\"},\"query-input\":\"required name=search_term_string\"}],\"inLanguage\":\"es\"}]}<\/script>\n<!-- \/ Yoast SEO plugin. -->","yoast_head_json":{"title":"Blog - Blog de adfox marketing digital","robots":{"index":"index","follow":"follow","max-snippet":"max-snippet:-1","max-image-preview":"max-image-preview:large","max-video-preview":"max-video-preview:-1"},"canonical":"https:\/\/adfox.com.mx\/blog\/","og_locale":"es_ES","og_type":"article","og_title":"Blog - Blog de adfox marketing digital","og_description":"\u00daltimo Art\u00edculo Destacado Todos Los Art\u00edculos","og_url":"https:\/\/adfox.com.mx\/blog\/","og_site_name":"Blog de adfox marketing digital","article_modified_time":"2021-06-10T05:47:17+00:00","twitter_card":"summary_large_image","twitter_misc":{"Tiempo de lectura":"1 minuto"},"schema":{"@context":"https:\/\/schema.org","@graph":[{"@type":"WebPage","@id":"https:\/\/adfox.com.mx\/blog\/","url":"https:\/\/adfox.com.mx\/blog\/","name":"Blog - Blog de adfox marketing digital","isPartOf":{"@id":"https:\/\/adfox.com.mx\/blog\/#website"},"datePublished":"2020-06-13T01:42:32+00:00","dateModified":"2021-06-10T05:47:17+00:00","breadcrumb":{"@id":"https:\/\/adfox.com.mx\/blog\/#breadcrumb"},"inLanguage":"es","potentialAction":[{"@type":"ReadAction","target":["https:\/\/adfox.com.mx\/blog\/"]}]},{"@type":"BreadcrumbList","@id":"https:\/\/adfox.com.mx\/blog\/#breadcrumb","itemListElement":[{"@type":"ListItem","position":1,"name":"Portada","item":"https:\/\/adfox.com.mx\/blog\/"},{"@type":"ListItem","position":2,"name":"Blog"}]},{"@type":"WebSite","@id":"https:\/\/adfox.com.mx\/blog\/#website","url":"https:\/\/adfox.com.mx\/blog\/","name":"Blog de adfox marketing digital","description":"Blog de adfox marketing digital","potentialAction":[{"@type":"SearchAction","target":{"@type":"EntryPoint","urlTemplate":"https:\/\/adfox.com.mx\/blog\/?s={search_term_string}"},"query-input":"required name=search_term_string"}],"inLanguage":"es"}]}},"_links":{"self":[{"href":"https:\/\/adfox.com.mx\/blog\/wp-json\/wp\/v2\/pages\/283"}],"collection":[{"href":"https:\/\/adfox.com.mx\/blog\/wp-json\/wp\/v2\/pages"}],"about":[{"href":"https:\/\/adfox.com.mx\/blog\/wp-json\/wp\/v2\/types\/page"}],"author":[{"embeddable":true,"href":"https:\/\/adfox.com.mx\/blog\/wp-json\/wp\/v2\/users\/1"}],"replies":[{"embeddable":true,"href":"https:\/\/adfox.com.mx\/blog\/wp-json\/wp\/v2\/comments?post=283"}],"version-history":[{"count":4,"href":"https:\/\/adfox.com.mx\/blog\/wp-json\/wp\/v2\/pages\/283\/revisions"}],"predecessor-version":[{"id":303,"href":"https:\/\/adfox.com.mx\/blog\/wp-json\/wp\/v2\/pages\/283\/revisions\/303"}],"wp:attachment":[{"href":"https:\/\/adfox.com.mx\/blog\/wp-json\/wp\/v2\/media?parent=283"}],"curies":[{"name":"wp","href":"https:\/\/api.w.org\/{rel}","templated":true}]}}